{"id":3,"date":"2023-04-11T21:12:19","date_gmt":"2023-04-11T19:12:19","guid":{"rendered":"http:\/\/efiter.com\/?page_id=3"},"modified":"2023-07-27T13:39:51","modified_gmt":"2023-07-27T11:39:51","slug":"aviso-legal","status":"publish","type":"page","link":"https:\/\/zealous-goldstine.87-106-168-45.plesk.page\/es\/aviso-legal\/","title":{"rendered":"Aviso legal"},"content":{"rendered":"<p><\/p>\n\n<!--themify_builder_content-->\n<div id=\"themify_builder_content-3\" data-postid=\"3\" class=\"themify_builder_content themify_builder_content-3 themify_builder tf_clear\">\n    \t\t\t\t<!-- module_row -->\n\t\t<div  data-css_id=\"qzwg892\" data-lazy=\"1\" class=\"module_row themify_builder_row fullwidth_row_container tb_qzwg892 tb_first tf_w tf_clearfix\">\n\t\t\t\t\t<div class=\"row_inner col_align_top tb_col_count_1 tf_box tf_rel\">\n\t\t\t\t\t<div  data-lazy=\"1\" class=\"module_column tb-column col-full tb_vhao892 first\">\n\t\t\t\t\t\t\t\t\t<div class=\"tb-column-inner tf_box tf_w\">\n\t\t\t\t\t\t<div  data-lazy=\"1\" class=\"module_subrow themify_builder_sub_row tb_hgr9892 tf_w tf_clearfix\">\n\t\t\t\t\t<div class=\"subrow_inner col_align_top tb_col_count_1 tf_box tf_w\">\n\t\t\t\t\t<div  data-lazy=\"1\" class=\"module_column sub_column col-full tb_5ji1892 first\">\n\t\t\t\t\t\t\t\t\t<div class=\"tb-column-inner tf_box tf_w\">\n\t\t\t\t<!-- module text -->\n<div  class=\"module module-text tb_bhs9892   \" data-lazy=\"1\">\n        <div  class=\"tb_text_wrap\">\n    <h1 class=\"page-title\">Aviso legal<\/h1>\n<div class=\"page-content entry-content\">\n<div id=\"themify_builder_content-549\" class=\"themify_builder_content themify_builder_content-549 themify_builder tf_clear\" data-postid=\"549\">\n<div class=\"module_row themify_builder_row tb_m9sl547 tb_first tf_w tf_clearfix\">\n<div class=\"row_inner col_align_top tb_col_count_1 tf_box tf_rel\">\n<div class=\"module_column tb-column col-full tb_bv3g547 first\">\n<div class=\"tb-column-inner tf_box tf_w\">\n<div class=\"module module-text tb_xg8u639\">\n<h2>LEGISLACI\u00d3N<\/h2>\n<p>En cumplimiento del Reglamento Europeo (UE)2016\/679 (Reglamento general de protecci\u00f3n de datos o \u2018RGPD\u2019), relativo a la transparencia de la informaci\u00f3n, comunicaci\u00f3n y modalidades de ejercicio de los derechos del interesado y del Art\u00edculo 13 relativo a la informaci\u00f3n que deber\u00e1 facilitarse cuando los datos personales se obtengan del interesado.<\/p>\n<h3>RESPONSABLE DEL TRATAMIENTO<\/h3>\n<p>Identidad:\u00a0EFITER S.L.<br>Direcci\u00f3n: C\/ Taga P.I Talamanca N\u00ba 7 (Vinyoles) 08508 Les Masies de Voltreg\u00e0 (Spain)\u00a0<br>CIF: ESB64938830.<br>e-Mail: comercial@efiter.com<br>Tel: (+34) 93 850 42 78<\/p>\n<\/div>\n<div class=\"module module-text tb_xg8u639\">\n<h3>FINALIDAD DEL TRATAMIENTO<\/h3>\n<p>La finalidad del tratamiento es la de \u00abGestionar la relaci\u00f3n con los potenciales clientes que contactan por medio del formulario de contacto\u00bb.<\/p>\n<h3>LEGITIMIZACI\u00d3N<\/h3>\n<p>Le informamos de que la base legal para el tratamiento de sus datos es la de poder atender su solicitud de contacto. El interesado da su consentimiento al rellenar el formulario y enviar sus datos.<\/p>\n<h3>CONSERVACI\u00d3N DE LOS DATOS<\/h3>\n<p>Los datos proporcionados se conservar\u00e1n durante los plazos legalmente establecidos.<\/p>\n<h3>CESIONES DE DATOS<\/h3>\n<p>Los datos no se ceder\u00e1n a terceros salvo en los casos en que exista una obligaci\u00f3n legal.<\/p>\n<h3>DERECHOS DEL INTERESADO<\/h3>\n<p>Tendr\u00e1 derecho a acceder a sus datos personales, as\u00ed como a solicitar la rectificaci\u00f3n de los datos inexactos o, en su caso, solicitar su supresi\u00f3n cuando, entre otros motivos, los datos ya no sean necesarios para los fines que fueron recogidos. Podr\u00e1 solicitar la limitaci\u00f3n u oposici\u00f3n del tratamiento de sus datos, en cuyo caso \u00fanicamente los conservaremos para cumplir con las obligaciones legalmente establecidas.<\/p>\n<h3>DERECHO A NO SER OBJETO DE DECISIONES INDIVIDUALES AUTOMATIZADAS, INCLUIDA LA ELABORACI\u00d3N DE PERFILES<\/h3>\n<p>No se realizan sobre el usuario decisiones individuales automatizadas ni se elaboran perfiles que produzcan efectos jur\u00eddicos o le afecten significativamente de modo similar.<\/p>\n<h3>D\u00d3NDE EJERCER LOS DERECHOS<\/h3>\n<p>Para el ejercicio de sus derechos debe enviar un correo electr\u00f3nico a comercial@efiter.com indicando por escrito su petici\u00f3n y adjuntando fotocopia de su DNI.<\/p>\n<h3>MEDIDAS DE SEGURIDAD<\/h3>\n<p>Teniendo en cuenta el estado de la t\u00e9cnica, los costes de aplicaci\u00f3n, y la naturaleza, el alcance, el contexto y los fines del tratamiento, as\u00ed como riesgos de probabilidad y gravedad variables para los derechos y libertades de las personas f\u00edsicas, EFITER S.L. aplica las medidas t\u00e9cnicas y organizativas apropiadas para garantizar un nivel de seguridad adecuado al riesgo.<\/p>\n<h3>TRATAMIENTO BASADO EN EL CONSENTIMIENTO DEL AFECTADO<\/h3>\n<p>A trav\u00e9s de esta p\u00e1gina web www.efiter.com no se recoge ning\u00fan dato personal sin su consentimiento.<\/p>\n<h3>DEBER DE CONFIDENCIALIDAD<\/h3>\n<p>De conformidad con el art\u00edculo 5.1 f) del Reglamento (UE) 2016\/679 EFITER S.L. se compromete a tratar de forma absolutamente confidencial sus datos de car\u00e1cter personal y a utilizarlos s\u00f3lo para las finalidades indicadas.<\/p>\n<h3>INEXACTITUD DE LOS DATOS OBTENIDOS DIRECTAMENTE DEL AFECTADO<\/h3>\n<p>A los efectos previstos en el art\u00edculo 5.1 d) del Reglamento (UE) 2016\/679, no ser\u00e1n imputables al responsable del tratamiento los datos personales que sean inexactos con respecto a los fines para los que se tratan, si usted no ha ejercitado su derecho de rectificaci\u00f3n.<\/p>\n<h3>DERECHO A RECLAMAR<\/h3>\n<p>En el caso de que no est\u00e9 conforme con el tratamiento de sus datos podr\u00e1 dirigir sus reclamaciones ante las Autoridades de protecci\u00f3n de datos.<\/p>\n<\/div>\n<\/div>\n<\/div>\n<\/div>\n<\/div>\n<\/div>\n<\/div>    <\/div>\n<\/div>\n<!-- \/module text -->\t\t\t\t<\/div><!-- .tb-column-inner -->\n\t\t\t\t\t\t<\/div><!-- .module_column -->\n\t\t\t\t\t\t<\/div><!-- .subrow_inner -->\n\t\t<\/div><!-- .themify_builder_sub_row -->\n\t\t\t\t\t\t\t\t<\/div><!-- .tb-column-inner -->\n\t\t\t\t\t\t<\/div><!-- .module_column -->\n\t\t\t\t\t\t<\/div><!-- .row_inner -->\n\t\t<\/div><!-- .module_row -->\n\t\t\t\t<\/div>\n<!--\/themify_builder_content-->","protected":false},"excerpt":{"rendered":"<p>Aviso legal LEGISLACI\u00d3N En cumplimiento del Reglamento Europeo (UE)2016\/679 (Reglamento general de protecci\u00f3n de datos o \u2018RGPD\u2019), relativo a la transparencia de la informaci\u00f3n, comunicaci\u00f3n y modalidades de ejercicio de los derechos del interesado y del Art\u00edculo 13 relativo a la informaci\u00f3n que deber\u00e1 facilitarse cuando los datos personales se obtengan del interesado. RESPONSABLE DEL [&hellip;]<\/p>\n","protected":false},"author":1,"featured_media":0,"parent":0,"menu_order":6,"comment_status":"closed","ping_status":"closed","template":"","meta":{"footnotes":""},"class_list":["post-3","page","type-page","status-publish","hentry","has-post-title","has-post-date","has-post-category","has-post-tag","has-post-comment","has-post-author",""],"builder_content":"<h1>Aviso legal<\/h1>\n<h2>LEGISLACI\u00d3N<\/h2> <p>En cumplimiento del Reglamento Europeo (UE)2016\/679 (Reglamento general de protecci\u00f3n de datos o \u2018RGPD\u2019), relativo a la transparencia de la informaci\u00f3n, comunicaci\u00f3n y modalidades de ejercicio de los derechos del interesado y del Art\u00edculo 13 relativo a la informaci\u00f3n que deber\u00e1 facilitarse cuando los datos personales se obtengan del interesado.<\/p> <h3>RESPONSABLE DEL TRATAMIENTO<\/h3> <p>Identidad:\u00a0EFITER S.L.<br>Direcci\u00f3n: C\/ Taga P.I Talamanca N\u00ba 7 (Vinyoles) 08508 Les Masies de Voltreg\u00e0 (Spain)\u00a0<br>CIF: ESB64938830.<br>e-Mail: comercial@efiter.com<br>Tel: (+34) 93 850 42 78<\/p>\n<h3>FINALIDAD DEL TRATAMIENTO<\/h3> <p>La finalidad del tratamiento es la de \u00abGestionar la relaci\u00f3n con los potenciales clientes que contactan por medio del formulario de contacto\u00bb.<\/p> <h3>LEGITIMIZACI\u00d3N<\/h3> <p>Le informamos de que la base legal para el tratamiento de sus datos es la de poder atender su solicitud de contacto. El interesado da su consentimiento al rellenar el formulario y enviar sus datos.<\/p> <h3>CONSERVACI\u00d3N DE LOS DATOS<\/h3> <p>Los datos proporcionados se conservar\u00e1n durante los plazos legalmente establecidos.<\/p> <h3>CESIONES DE DATOS<\/h3> <p>Los datos no se ceder\u00e1n a terceros salvo en los casos en que exista una obligaci\u00f3n legal.<\/p> <h3>DERECHOS DEL INTERESADO<\/h3> <p>Tendr\u00e1 derecho a acceder a sus datos personales, as\u00ed como a solicitar la rectificaci\u00f3n de los datos inexactos o, en su caso, solicitar su supresi\u00f3n cuando, entre otros motivos, los datos ya no sean necesarios para los fines que fueron recogidos. Podr\u00e1 solicitar la limitaci\u00f3n u oposici\u00f3n del tratamiento de sus datos, en cuyo caso \u00fanicamente los conservaremos para cumplir con las obligaciones legalmente establecidas.<\/p> <h3>DERECHO A NO SER OBJETO DE DECISIONES INDIVIDUALES AUTOMATIZADAS, INCLUIDA LA ELABORACI\u00d3N DE PERFILES<\/h3> <p>No se realizan sobre el usuario decisiones individuales automatizadas ni se elaboran perfiles que produzcan efectos jur\u00eddicos o le afecten significativamente de modo similar.<\/p> <h3>D\u00d3NDE EJERCER LOS DERECHOS<\/h3> <p>Para el ejercicio de sus derechos debe enviar un correo electr\u00f3nico a comercial@efiter.com indicando por escrito su petici\u00f3n y adjuntando fotocopia de su DNI.<\/p> <h3>MEDIDAS DE SEGURIDAD<\/h3> <p>Teniendo en cuenta el estado de la t\u00e9cnica, los costes de aplicaci\u00f3n, y la naturaleza, el alcance, el contexto y los fines del tratamiento, as\u00ed como riesgos de probabilidad y gravedad variables para los derechos y libertades de las personas f\u00edsicas, EFITER S.L. aplica las medidas t\u00e9cnicas y organizativas apropiadas para garantizar un nivel de seguridad adecuado al riesgo.<\/p> <h3>TRATAMIENTO BASADO EN EL CONSENTIMIENTO DEL AFECTADO<\/h3> <p>A trav\u00e9s de esta p\u00e1gina web www.efiter.com no se recoge ning\u00fan dato personal sin su consentimiento.<\/p> <h3>DEBER DE CONFIDENCIALIDAD<\/h3> <p>De conformidad con el art\u00edculo 5.1 f) del Reglamento (UE) 2016\/679 EFITER S.L. se compromete a tratar de forma absolutamente confidencial sus datos de car\u00e1cter personal y a utilizarlos s\u00f3lo para las finalidades indicadas.<\/p> <h3>INEXACTITUD DE LOS DATOS OBTENIDOS DIRECTAMENTE DEL AFECTADO<\/h3> <p>A los efectos previstos en el art\u00edculo 5.1 d) del Reglamento (UE) 2016\/679, no ser\u00e1n imputables al responsable del tratamiento los datos personales que sean inexactos con respecto a los fines para los que se tratan, si usted no ha ejercitado su derecho de rectificaci\u00f3n.<\/p> <h3>DERECHO A RECLAMAR<\/h3> <p>En el caso de que no est\u00e9 conforme con el tratamiento de sus datos podr\u00e1 dirigir sus reclamaciones ante las Autoridades de protecci\u00f3n de datos.<\/p>","_links":{"self":[{"href":"https:\/\/zealous-goldstine.87-106-168-45.plesk.page\/es\/wp-json\/wp\/v2\/pages\/3","targetHints":{"allow":["GET"]}}],"collection":[{"href":"https:\/\/zealous-goldstine.87-106-168-45.plesk.page\/es\/wp-json\/wp\/v2\/pages"}],"about":[{"href":"https:\/\/zealous-goldstine.87-106-168-45.plesk.page\/es\/wp-json\/wp\/v2\/types\/page"}],"author":[{"embeddable":true,"href":"https:\/\/zealous-goldstine.87-106-168-45.plesk.page\/es\/wp-json\/wp\/v2\/users\/1"}],"replies":[{"embeddable":true,"href":"https:\/\/zealous-goldstine.87-106-168-45.plesk.page\/es\/wp-json\/wp\/v2\/comments?post=3"}],"version-history":[{"count":12,"href":"https:\/\/zealous-goldstine.87-106-168-45.plesk.page\/es\/wp-json\/wp\/v2\/pages\/3\/revisions"}],"predecessor-version":[{"id":2006,"href":"https:\/\/zealous-goldstine.87-106-168-45.plesk.page\/es\/wp-json\/wp\/v2\/pages\/3\/revisions\/2006"}],"wp:attachment":[{"href":"https:\/\/zealous-goldstine.87-106-168-45.plesk.page\/es\/wp-json\/wp\/v2\/media?parent=3"}],"curies":[{"name":"wp","href":"https:\/\/api.w.org\/{rel}","templated":true}]}}