{"id":1551,"date":"2023-07-13T07:46:39","date_gmt":"2023-07-13T05:46:39","guid":{"rendered":"https:\/\/efiter.com\/politica-de-cookies-ue\/"},"modified":"2023-07-13T07:48:57","modified_gmt":"2023-07-13T05:48:57","slug":"politica-de-cookies-ue","status":"publish","type":"page","link":"https:\/\/zealous-goldstine.87-106-168-45.plesk.page\/es\/politica-de-cookies-ue\/","title":{"rendered":"Pol\u00edtica de cookies (UE)"},"content":{"rendered":"La regi\u00f3n EU no est\u00e1 activada para cookie-statement.<!--themify_builder_content-->\n<div id=\"themify_builder_content-1551\" data-postid=\"1551\" class=\"themify_builder_content themify_builder_content-1551 themify_builder tf_clear\">\n    <\/div>\n<!--\/themify_builder_content-->\n","protected":false},"excerpt":{"rendered":"","protected":false},"author":1,"featured_media":0,"parent":0,"menu_order":7,"comment_status":"closed","ping_status":"closed","template":"","meta":{"footnotes":""},"class_list":["post-1551","page","type-page","status-publish","hentry","has-post-title","has-post-date","has-post-category","has-post-tag","has-post-comment","has-post-author",""],"builder_content":"","_links":{"self":[{"href":"https:\/\/zealous-goldstine.87-106-168-45.plesk.page\/es\/wp-json\/wp\/v2\/pages\/1551","targetHints":{"allow":["GET"]}}],"collection":[{"href":"https:\/\/zealous-goldstine.87-106-168-45.plesk.page\/es\/wp-json\/wp\/v2\/pages"}],"about":[{"href":"https:\/\/zealous-goldstine.87-106-168-45.plesk.page\/es\/wp-json\/wp\/v2\/types\/page"}],"author":[{"embeddable":true,"href":"https:\/\/zealous-goldstine.87-106-168-45.plesk.page\/es\/wp-json\/wp\/v2\/users\/1"}],"replies":[{"embeddable":true,"href":"https:\/\/zealous-goldstine.87-106-168-45.plesk.page\/es\/wp-json\/wp\/v2\/comments?post=1551"}],"version-history":[{"count":2,"href":"https:\/\/zealous-goldstine.87-106-168-45.plesk.page\/es\/wp-json\/wp\/v2\/pages\/1551\/revisions"}],"predecessor-version":[{"id":1555,"href":"https:\/\/zealous-goldstine.87-106-168-45.plesk.page\/es\/wp-json\/wp\/v2\/pages\/1551\/revisions\/1555"}],"wp:attachment":[{"href":"https:\/\/zealous-goldstine.87-106-168-45.plesk.page\/es\/wp-json\/wp\/v2\/media?parent=1551"}],"curies":[{"name":"wp","href":"https:\/\/api.w.org\/{rel}","templated":true}]}}