{"id":1668,"date":"2023-04-11T21:12:19","date_gmt":"2023-04-11T19:12:19","guid":{"rendered":"https:\/\/efiter.com\/aviso-legal\/"},"modified":"2023-07-27T13:39:08","modified_gmt":"2023-07-27T11:39:08","slug":"aviso-legal","status":"publish","type":"page","link":"https:\/\/zealous-goldstine.87-106-168-45.plesk.page\/de\/aviso-legal\/","title":{"rendered":"Aviso legal"},"content":{"rendered":"<p><\/p>\n\n<!--themify_builder_content-->\n<div id=\"themify_builder_content-1668\" data-postid=\"1668\" class=\"themify_builder_content themify_builder_content-1668 themify_builder tf_clear\">\n    \t\t\t\t<!-- module_row -->\n\t\t<div  data-css_id=\"qzwg892\" data-lazy=\"1\" class=\"module_row themify_builder_row fullwidth_row_container tb_qzwg892 tb_first tf_w tf_clearfix\">\n\t\t\t\t\t<div class=\"row_inner col_align_top tb_col_count_1 tf_box tf_rel\">\n\t\t\t\t\t<div  data-lazy=\"1\" class=\"module_column tb-column col-full tb_vhao892 first\">\n\t\t\t\t\t\t\t\t\t<div class=\"tb-column-inner tf_box tf_w\">\n\t\t\t\t\t\t<div  data-lazy=\"1\" class=\"module_subrow themify_builder_sub_row tb_hgr9892 tf_w tf_clearfix\">\n\t\t\t\t\t<div class=\"subrow_inner col_align_top tb_col_count_1 tf_box tf_w\">\n\t\t\t\t\t<div  data-lazy=\"1\" class=\"module_column sub_column col-full tb_5ji1892 first\">\n\t\t\t\t\t\t\t\t\t<div class=\"tb-column-inner tf_box tf_w\">\n\t\t\t\t<!-- module text -->\n<div  class=\"module module-text tb_0icy420   \" data-lazy=\"1\">\n        <div  class=\"tb_text_wrap\">\n    <h1 class=\"page-title\">Legal Notice<\/h1>\n<div class=\"page-content entry-content\">\n<div id=\"themify_builder_content-549\" class=\"themify_builder_content themify_builder_content-549 themify_builder tf_clear\" data-postid=\"549\">\n<div class=\"module_row themify_builder_row tb_m9sl547 tb_first tf_w tf_clearfix\">\n<div class=\"row_inner col_align_top tf_box tf_rel tb_col_count_1\">\n<div class=\"module_column tb-column col-full tb_bv3g547 first\">\n<div class=\"tb-column-inner tf_box tf_w\">\n<div class=\"module module-text tb_xg8u639\">\n<h2>LEGISLATION<\/h2>\n<p>En cumplimiento del Reglamento Europeo (UE)2016\/679 (Reglamento general de protecci\u00f3n de datos o \u2018RGPD\u2019), relativo a la transparencia de la informaci\u00f3n, comunicaci\u00f3n y modalidades de ejercicio de los derechos del interesado y del Art\u00edculo 13 relativo a la informaci\u00f3n que deber\u00e1 facilitarse cuando los datos personales se obtengan del interesado.<\/p>\n<h3>RESPONSIBLE FOR THE TREATMENT<\/h3>\n<p>Identity:\u00a0EFITER S.L.<br>Address: C\/ Taga P.I Talamanca N\u00ba 7 (Vinyoles) 08508 Les Masies de Voltreg\u00e0 (Spain)\u00a0<br>CIF: ESB64938830.<br>e-Mail: comercial@efiter.com<br>Tel: (+34) 93 850 42 78<\/p>\n<\/div>\n<div class=\"module module-text tb_xg8u639\">\n<h3>PURPOSE OF THE TREATMENT<\/h3>\n<p>The purpose of the treatment is to &#8222;Manage the relationship with potential clients who contact through the contact form&#8220;.<\/p>\n<h3>LEGITIMIZATION<\/h3>\n<p>We inform you that the legal basis for the processing of your data is to be able to meet your contact request. The interested party gives his consent by filling out the form and sending his data.<\/p>\n<h3>DATA PRESERVATION<\/h3>\n<p>The data provided will be kept for the legally established periods.<\/p>\n<h3>DATA TRANSFERS<\/h3>\n<p>The data will not be transferred to third parties except in cases where there is a legal obligation.<\/p>\n<h3>RIGHTS OF THE INTERESTED PARTY<\/h3>\n<p>You will have the right to access your personal data, as well as to request the rectification of inaccurate data or, where appropriate, request its deletion when, among other reasons, the data is no longer necessary for the purposes for which it was collected. You may request the limitation or opposition to the processing of your data, in which case we will only keep it to comply with the legally established obligations.<\/p>\n<h3>RIGHT NOT TO BE SUBJECT TO AUTOMATED INDIVIDUAL DECISIONS, INCLUDING PROFILING<\/h3>\n<p>Automated individual decisions are not made on the user, nor are profiles created that produce legal effects or significantly affect them in a similar way.<\/p>\n<h3>WHERE TO EXERCISE YOUR RIGHTS<\/h3>\n<p>To exercise your rights, you must send an email to comercial@efiter.com indicating your request in writing and attaching a photocopy of your ID.<\/p>\n<h3>SECURITY MEASURES<\/h3>\n<p>Taking into account the state of the art, the costs of application, and the nature, scope, context and purposes of the treatment, as well as risks of variable probability and severity for the rights and freedoms of natural persons, EFITER S.L. applies the appropriate technical and organizational measures to guarantee a level of security appropriate to the risk.<\/p>\n<h3>TREATMENT BASED ON THE CONSENT OF THE AFFECTED PARTY<\/h3>\n<p>Through this website www.efiter.com no personal data is collected without your consent.<\/p>\n<h3>DUTY OF CONFIDENTIALITY<\/h3>\n<p>In accordance with article 5.1 f) of Regulation (EU) 2016\/679 EFITER S.L. undertakes to treat your personal data in an absolutely confidential manner and to use it only for the purposes indicated.<\/p>\n<h3>INACCURACY OF THE DATA OBTAINED DIRECTLY FROM THE AFFECTED PARTY<\/h3>\n<p>For the purposes provided for in article 5.1 d) of Regulation (EU) 2016\/679, personal data that is inaccurate with respect to the purposes for which it is processed will not be attributable to the controller if you have not exercised your right of rectification.<\/p>\n<h3>RIGHT TO CLAIM<\/h3>\n<p>In the event that you are not satisfied with the processing of your data, you may address your claims to the Data Protection Authorities.<\/p>\n<\/div>\n<\/div>\n<\/div>\n<\/div>\n<\/div>\n<\/div>\n<\/div>    <\/div>\n<\/div>\n<!-- \/module text -->\t\t\t\t<\/div><!-- .tb-column-inner -->\n\t\t\t\t\t\t<\/div><!-- .module_column -->\n\t\t\t\t\t\t<\/div><!-- .subrow_inner -->\n\t\t<\/div><!-- .themify_builder_sub_row -->\n\t\t\t\t\t\t\t\t<\/div><!-- .tb-column-inner -->\n\t\t\t\t\t\t<\/div><!-- .module_column -->\n\t\t\t\t\t\t<\/div><!-- .row_inner -->\n\t\t<\/div><!-- .module_row -->\n\t\t\t\t<\/div>\n<!--\/themify_builder_content-->","protected":false},"excerpt":{"rendered":"<p>Legal Notice LEGISLATION En cumplimiento del Reglamento Europeo (UE)2016\/679 (Reglamento general de protecci\u00f3n de datos o \u2018RGPD\u2019), relativo a la transparencia de la informaci\u00f3n, comunicaci\u00f3n y modalidades de ejercicio de los derechos del interesado y del Art\u00edculo 13 relativo a la informaci\u00f3n que deber\u00e1 facilitarse cuando los datos personales se obtengan del interesado. RESPONSIBLE FOR [&hellip;]<\/p>\n","protected":false},"author":1,"featured_media":0,"parent":0,"menu_order":6,"comment_status":"closed","ping_status":"closed","template":"","meta":{"footnotes":""},"class_list":["post-1668","page","type-page","status-publish","hentry","has-post-title","has-post-date","has-post-category","has-post-tag","has-post-comment","has-post-author",""],"builder_content":"<h1>Legal Notice<\/h1>\n<h2>LEGISLATION<\/h2> <p>En cumplimiento del Reglamento Europeo (UE)2016\/679 (Reglamento general de protecci\u00f3n de datos o \u2018RGPD\u2019), relativo a la transparencia de la informaci\u00f3n, comunicaci\u00f3n y modalidades de ejercicio de los derechos del interesado y del Art\u00edculo 13 relativo a la informaci\u00f3n que deber\u00e1 facilitarse cuando los datos personales se obtengan del interesado.<\/p> <h3>RESPONSIBLE FOR THE TREATMENT<\/h3> <p>Identity:\u00a0EFITER S.L.<br>Address: C\/ Taga P.I Talamanca N\u00ba 7 (Vinyoles) 08508 Les Masies de Voltreg\u00e0 (Spain)\u00a0<br>CIF: ESB64938830.<br>e-Mail: comercial@efiter.com<br>Tel: (+34) 93 850 42 78<\/p>\n<h3>PURPOSE OF THE TREATMENT<\/h3> <p>The purpose of the treatment is to \"Manage the relationship with potential clients who contact through the contact form\".<\/p> <h3>LEGITIMIZATION<\/h3> <p>We inform you that the legal basis for the processing of your data is to be able to meet your contact request. The interested party gives his consent by filling out the form and sending his data.<\/p> <h3>DATA PRESERVATION<\/h3> <p>The data provided will be kept for the legally established periods.<\/p> <h3>DATA TRANSFERS<\/h3> <p>The data will not be transferred to third parties except in cases where there is a legal obligation.<\/p> <h3>RIGHTS OF THE INTERESTED PARTY<\/h3> <p>You will have the right to access your personal data, as well as to request the rectification of inaccurate data or, where appropriate, request its deletion when, among other reasons, the data is no longer necessary for the purposes for which it was collected. You may request the limitation or opposition to the processing of your data, in which case we will only keep it to comply with the legally established obligations.<\/p> <h3>RIGHT NOT TO BE SUBJECT TO AUTOMATED INDIVIDUAL DECISIONS, INCLUDING PROFILING<\/h3> <p>Automated individual decisions are not made on the user, nor are profiles created that produce legal effects or significantly affect them in a similar way.<\/p> <h3>WHERE TO EXERCISE YOUR RIGHTS<\/h3> <p>To exercise your rights, you must send an email to comercial@efiter.com indicating your request in writing and attaching a photocopy of your ID.<\/p> <h3>SECURITY MEASURES<\/h3> <p>Taking into account the state of the art, the costs of application, and the nature, scope, context and purposes of the treatment, as well as risks of variable probability and severity for the rights and freedoms of natural persons, EFITER S.L. applies the appropriate technical and organizational measures to guarantee a level of security appropriate to the risk.<\/p> <h3>TREATMENT BASED ON THE CONSENT OF THE AFFECTED PARTY<\/h3> <p>Through this website www.efiter.com no personal data is collected without your consent.<\/p> <h3>DUTY OF CONFIDENTIALITY<\/h3> <p>In accordance with article 5.1 f) of Regulation (EU) 2016\/679 EFITER S.L. undertakes to treat your personal data in an absolutely confidential manner and to use it only for the purposes indicated.<\/p> <h3>INACCURACY OF THE DATA OBTAINED DIRECTLY FROM THE AFFECTED PARTY<\/h3> <p>For the purposes provided for in article 5.1 d) of Regulation (EU) 2016\/679, personal data that is inaccurate with respect to the purposes for which it is processed will not be attributable to the controller if you have not exercised your right of rectification.<\/p> <h3>RIGHT TO CLAIM<\/h3> <p>In the event that you are not satisfied with the processing of your data, you may address your claims to the Data Protection Authorities.<\/p>","_links":{"self":[{"href":"https:\/\/zealous-goldstine.87-106-168-45.plesk.page\/de\/wp-json\/wp\/v2\/pages\/1668","targetHints":{"allow":["GET"]}}],"collection":[{"href":"https:\/\/zealous-goldstine.87-106-168-45.plesk.page\/de\/wp-json\/wp\/v2\/pages"}],"about":[{"href":"https:\/\/zealous-goldstine.87-106-168-45.plesk.page\/de\/wp-json\/wp\/v2\/types\/page"}],"author":[{"embeddable":true,"href":"https:\/\/zealous-goldstine.87-106-168-45.plesk.page\/de\/wp-json\/wp\/v2\/users\/1"}],"replies":[{"embeddable":true,"href":"https:\/\/zealous-goldstine.87-106-168-45.plesk.page\/de\/wp-json\/wp\/v2\/comments?post=1668"}],"version-history":[{"count":2,"href":"https:\/\/zealous-goldstine.87-106-168-45.plesk.page\/de\/wp-json\/wp\/v2\/pages\/1668\/revisions"}],"predecessor-version":[{"id":2004,"href":"https:\/\/zealous-goldstine.87-106-168-45.plesk.page\/de\/wp-json\/wp\/v2\/pages\/1668\/revisions\/2004"}],"wp:attachment":[{"href":"https:\/\/zealous-goldstine.87-106-168-45.plesk.page\/de\/wp-json\/wp\/v2\/media?parent=1668"}],"curies":[{"name":"wp","href":"https:\/\/api.w.org\/{rel}","templated":true}]}}